{"id":66,"date":"2024-02-15T19:15:23","date_gmt":"2024-02-15T18:15:23","guid":{"rendered":"https:\/\/encare.pl\/?page_id=66"},"modified":"2024-03-18T09:48:17","modified_gmt":"2024-03-18T08:48:17","slug":"o-nas","status":"publish","type":"page","link":"https:\/\/encare.pl\/?page_id=66","title":{"rendered":"O ENCARE"},"content":{"rendered":"\n<p class=\"has-text-align-left has-small-font-size\">Budowanie do\u015bwiadczenia z du\u017c\u0105 energetyk\u0105 rozpocz\u0105\u0142em w roku 2006, gdy wraz z post\u0119puj\u0105c\u0105 liberalizacj\u0105 rynku energii elektrycznej dla biznesu, odpowiada\u0142em za bezpo\u015bredni\u0105 obs\u0142ug\u0119 Klient\u00f3w Kluczowych w Koncernie Energetycznym ENERGA.<\/p>\n\n\n\n<div class=\"wp-block-media-text is-stacked-on-mobile is-vertically-aligned-top\" style=\"grid-template-columns:30% auto\"><figure class=\"wp-block-media-text__media\"><img loading=\"lazy\" decoding=\"async\" width=\"250\" height=\"375\" src=\"http:\/\/encare.pl\/wp-content\/uploads\/2024\/02\/MG_3037p-3.jpg\" alt=\"\" class=\"wp-image-179 size-full\" srcset=\"https:\/\/encare.pl\/wp-content\/uploads\/2024\/02\/MG_3037p-3.jpg 250w, https:\/\/encare.pl\/wp-content\/uploads\/2024\/02\/MG_3037p-3-200x300.jpg 200w\" sizes=\"auto, (max-width: 250px) 100vw, 250px\" \/><\/figure><div class=\"wp-block-media-text__content\">\n<p class=\"has-text-align-left has-small-font-size\">Odej\u015bcie od cen taryfowych w zakresie sprzeda\u017cy energii elektrycznej, kompleksowe spojrzenie na potrzeby Klient\u00f3w zar\u00f3wno od strony optymalizacji kosztowej zakup\u00f3w energii po optymalizacj\u0119 koszt\u00f3w taryfowych \u2013 powi\u0105zanych z dystrybucj\u0105 energii elektrycznej, pojawienie si\u0119 nowych narz\u0119dzi zakupowych w powi\u0105zaniu cen energii z Towarow\u0105 Gie\u0142d\u0105 Energi \u2013 to wyzwania z jakimi mierzyli\u015bmy si\u0119 na rynku po okresie otwarcia i dalszej transformacji rynku energii w Polsce.<\/p>\n\n\n\n<p class=\"has-text-align-left has-small-font-size\">W roku 2020 po 14 latach w segmencie sprzeda\u017cy dla Klienta Biznesowego oraz SME, podj\u0105\u0142em si\u0119 wyzwania zbudowania w ramach Grupy Kapita\u0142owej ENERGA Wydzia\u0142u, kt\u00f3ry wprowadzi Sp\u00f3\u0142k\u0119 ENERGA Obr\u00f3t na rynek prosumenckich instalacji fotowoltaicznych. <\/p>\n\n\n\n<p class=\"has-text-align-left has-small-font-size\">Okres lat 2020-2023 to dla mnie przede wszystkim pot\u0119\u017cne do\u015bwiadczenie poznania specyfiki rynku OZE, technologii, procedur oraz poruszania si\u0119 w mocno nieprzewidywalnym otoczeniu rynkowym, jakim sta\u0142 si\u0119 rynek mikroinstalacji prosumenckich w tych latach.<\/p>\n\n\n\n<p class=\"has-text-align-left has-small-font-size\">Posiadam uprawnienia w zakresie przeprowadzania audytu energetycznego oraz uprawnienia SEP w zakresie eksploatacji oraz dozoru do 1kV<\/p>\n\n\n\n<p class=\"has-text-align-left has-small-font-size\">W roku 2023 po 17 latach pracy w Sp\u00f3\u0142kach Grupy Kapita\u0142owej Energa podj\u0105\u0142em decyzj\u0119 aby swoje wieloletnie do\u015bwiadczenia przeku\u0107 w mark\u0119 ENCARE i swoim do\u015bwiadczeniem wspiera\u0107 podmioty b\u0119d\u0105ce czynnymi podmiotami ryku energii elektrycznej oraz OZE.<\/p>\n\n\n\n<p class=\"has-text-align-left has-small-font-size\">Agreguj\u0119 wsp\u00f3\u0142prac\u0119 z wieloma specjalistami z rynku energii, odnawialnych \u017ar\u00f3de\u0142 energii oraz efektywno\u015bci energetycznej aby zawsze poszukiwa\u0107 rozwi\u0105za\u0144 idealnie dopasowanych do potrzeb Naszych Klient\u00f3w.<\/p>\n<\/div><\/div>\n","protected":false},"excerpt":{"rendered":"<p>Budowanie do\u015bwiadczenia z du\u017c\u0105 energetyk\u0105 rozpocz\u0105\u0142em w roku 2006, gdy wraz z post\u0119puj\u0105c\u0105 liberalizacj\u0105 rynku energii elektrycznej dla biznesu, odpowiada\u0142em za bezpo\u015bredni\u0105 obs\u0142ug\u0119 Klient\u00f3w Kluczowych w Koncernie Energetycznym ENERGA. Odej\u015bcie od cen taryfowych w zakresie sprzeda\u017cy energii elektrycznej, kompleksowe spojrzenie na potrzeby Klient\u00f3w zar\u00f3wno od strony optymalizacji kosztowej zakup\u00f3w energii [&hellip;]<\/p>\n","protected":false},"author":1,"featured_media":112,"parent":0,"menu_order":0,"comment_status":"closed","ping_status":"closed","template":"","meta":{"footnotes":""},"class_list":["post-66","page","type-page","status-publish","has-post-thumbnail","hentry"],"_links":{"self":[{"href":"https:\/\/encare.pl\/index.php?rest_route=\/wp\/v2\/pages\/66","targetHints":{"allow":["GET"]}}],"collection":[{"href":"https:\/\/encare.pl\/index.php?rest_route=\/wp\/v2\/pages"}],"about":[{"href":"https:\/\/encare.pl\/index.php?rest_route=\/wp\/v2\/types\/page"}],"author":[{"embeddable":true,"href":"https:\/\/encare.pl\/index.php?rest_route=\/wp\/v2\/users\/1"}],"replies":[{"embeddable":true,"href":"https:\/\/encare.pl\/index.php?rest_route=%2Fwp%2Fv2%2Fcomments&post=66"}],"version-history":[{"count":10,"href":"https:\/\/encare.pl\/index.php?rest_route=\/wp\/v2\/pages\/66\/revisions"}],"predecessor-version":[{"id":265,"href":"https:\/\/encare.pl\/index.php?rest_route=\/wp\/v2\/pages\/66\/revisions\/265"}],"wp:featuredmedia":[{"embeddable":true,"href":"https:\/\/encare.pl\/index.php?rest_route=\/wp\/v2\/media\/112"}],"wp:attachment":[{"href":"https:\/\/encare.pl\/index.php?rest_route=%2Fwp%2Fv2%2Fmedia&parent=66"}],"curies":[{"name":"wp","href":"https:\/\/api.w.org\/{rel}","templated":true}]}}