{"id":63,"date":"2024-02-15T19:15:23","date_gmt":"2024-02-15T18:15:23","guid":{"rendered":"https:\/\/encare.pl\/?page_id=63"},"modified":"2024-03-18T08:58:05","modified_gmt":"2024-03-18T07:58:05","slug":"oferta","status":"publish","type":"page","link":"https:\/\/encare.pl\/?page_id=63","title":{"rendered":"OFERTA"},"content":{"rendered":"\n<p class=\"has-accent-color has-text-color has-link-color wp-elements-f6b2669bac9acf5a212d34a743c6b754\"><strong>CONSULTING ENERGETYCZNY<\/strong><\/p>\n\n\n\n<p>W ramach oferty consultingu energetycznego ENergyCARE BUSINESS oferujemy m.in..:<\/p>\n\n\n\n<ul class=\"wp-block-list\">\n<li>sta\u0142\u0105 abonamentow\u0105 opiek\u0119 nad procesem kontroli koszt\u00f3w zakupu energii elektrycznej i ich sta\u0142ej optymalizacji<\/li>\n\n\n\n<li>jednorazowe konsultacje w zakresie procesu kontroli koszt\u00f3w zakupu energii elektrycznej<\/li>\n\n\n\n<li>zbudowanie optymalnej strategii zakupu energii elektrycznej dla Klienta<\/li>\n\n\n\n<li>prowadzenie w imieniu Klienta procesu negocjacji warunk\u00f3w zakupu energii<\/li>\n\n\n\n<li>prowadzenie w imieniu Klienta proces\u00f3w przy\u0142\u0105czeniowych z lokalnymi Operatorami Sieci Dystrybucyjnej<\/li>\n\n\n\n<li>prowadzenie w imieniu Klienta proces\u00f3w reklamacyjnych ze Sp\u00f3\u0142kami energetycznymi<\/li>\n\n\n\n<li>modernizacj\u0119 i rozbudow\u0119 sieci elektroenergetycznej Naszych Klient\u00f3w w zakresie \u017ar\u00f3de\u0142 OZE i r\u00f3\u017cnych form mo\u017cliwo\u015bci zakupu i wytwarzania energii zielonej<\/li>\n\n\n\n<li>przeprowadzanie cyklicznych audyt\u00f3w energetycznych oraz audyt\u00f3w efektywno\u015bci energetycznej<\/li>\n\n\n\n<li>cykliczne kontrole sprawno\u015bci instalacji OZE wraz z pe\u0142n\u0105 termowizj\u0105 infrastruktury Klienta<\/li>\n\n\n\n<li>cykliczne raportowanie dla decyzji operacyjnych aktualnej sytuacji na rynku energii elektrycznej i przewidywalnych zmian w sferze kosztowej jak r\u00f3wnie\u017c prawnej<\/li>\n<\/ul>\n\n\n\n<p class=\"has-accent-color has-text-color has-link-color wp-elements-4c8f40592d6fb5555c19f7713f9fbeff\"><strong>SZKOLENIA I ANALIZY RYNKU ENERGII<\/strong><\/p>\n\n\n\n<p><em><strong>Oferta dedykowana w szczeg\u00f3lno\u015bci dla podmiot\u00f3w aktywnie uczestnicz\u0105cych w procesie sprzeda\u017cy energii elektrycznej oraz rozwi\u0105za\u0144 OZE.<\/strong><\/em><\/p>\n\n\n\n<p>W ramach oferty consultingu energetycznego ENergyCARE SUPPORT oferujemy m.in.:<\/p>\n\n\n\n<ul class=\"wp-block-list\">\n<li>sta\u0142\u0105 abonamentow\u0105 opiek\u0119 nad wdra\u017caniem nowych Handlowc\u00f3w<\/li>\n\n\n\n<li>jednorazowe dedykowane szkolenia dedykowane dla Sieci Handlowych<\/li>\n\n\n\n<li>cykliczne raporty operacyjne agreguj\u0105ce dane aktualnej sytuacji na rynku energii elektrycznej oraz OZE dla Os\u00f3b Zarz\u0105dzaj\u0105cych oraz Sieci Handlowych<\/li>\n\n\n\n<li>sta\u0142y monitoring otoczenia prawnego, istniej\u0105cych, wdra\u017canych oraz przewidywanych zmian, maj\u0105cych wp\u0142yw na podejmowane przez Ciebie decyzje biznesowe<\/li>\n<\/ul>\n\n\n\n<p class=\"has-accent-color has-text-color has-link-color wp-elements-68f5a735f935e070dae8b4947546528f\"><strong>AUDYTY<\/strong> <strong>ENERGETYCZNE i TERMOWIZJA<\/strong><\/p>\n\n\n\n<p>W ramach oferty consultingu energetycznego ENergyCARE AUDIT oferujemy&nbsp;m.in.:<\/p>\n\n\n\n<ul class=\"wp-block-list\">\n<li>audyty lokalizacyjne pod inwestycje eMobility<\/li>\n\n\n\n<li>audyty lokalizacyjne pod inwestycje OZE (PV)<\/li>\n\n\n\n<li>audyty energetyczne przedsi\u0119biorstw<\/li>\n\n\n\n<li>audyty efektywno\u015bci energetycznej<\/li>\n\n\n\n<li>audyty i przegl\u0105dy istniej\u0105cych instalacji fotowoltaicznych<\/li>\n\n\n\n<li>audyty termowizyjne budynk\u00f3w oraz instalacji fotowoltaicznych<\/li>\n<\/ul>\n\n\n\n<figure class=\"wp-block-image size-full\"><img loading=\"lazy\" decoding=\"async\" width=\"675\" height=\"675\" src=\"https:\/\/encare.pl\/wp-content\/uploads\/2024\/03\/EnCare-Pracujemy-z-energia_OUTSOURCING-SZKOLENIOWY-1.jpg\" alt=\"\" class=\"wp-image-250\" srcset=\"https:\/\/encare.pl\/wp-content\/uploads\/2024\/03\/EnCare-Pracujemy-z-energia_OUTSOURCING-SZKOLENIOWY-1.jpg 675w, https:\/\/encare.pl\/wp-content\/uploads\/2024\/03\/EnCare-Pracujemy-z-energia_OUTSOURCING-SZKOLENIOWY-1-300x300.jpg 300w, https:\/\/encare.pl\/wp-content\/uploads\/2024\/03\/EnCare-Pracujemy-z-energia_OUTSOURCING-SZKOLENIOWY-1-150x150.jpg 150w\" sizes=\"auto, (max-width: 675px) 100vw, 675px\" \/><\/figure>\n","protected":false},"excerpt":{"rendered":"<p>CONSULTING ENERGETYCZNY W ramach oferty consultingu energetycznego ENergyCARE BUSINESS oferujemy m.in..: SZKOLENIA I ANALIZY RYNKU ENERGII Oferta dedykowana w szczeg\u00f3lno\u015bci dla podmiot\u00f3w aktywnie uczestnicz\u0105cych w procesie sprzeda\u017cy energii elektrycznej oraz rozwi\u0105za\u0144 OZE. W ramach oferty consultingu energetycznego ENergyCARE SUPPORT oferujemy m.in.: AUDYTY ENERGETYCZNE i TERMOWIZJA W ramach oferty consultingu energetycznego [&hellip;]<\/p>\n","protected":false},"author":1,"featured_media":112,"parent":0,"menu_order":0,"comment_status":"closed","ping_status":"closed","template":"","meta":{"footnotes":""},"class_list":["post-63","page","type-page","status-publish","has-post-thumbnail","hentry"],"_links":{"self":[{"href":"https:\/\/encare.pl\/index.php?rest_route=\/wp\/v2\/pages\/63","targetHints":{"allow":["GET"]}}],"collection":[{"href":"https:\/\/encare.pl\/index.php?rest_route=\/wp\/v2\/pages"}],"about":[{"href":"https:\/\/encare.pl\/index.php?rest_route=\/wp\/v2\/types\/page"}],"author":[{"embeddable":true,"href":"https:\/\/encare.pl\/index.php?rest_route=\/wp\/v2\/users\/1"}],"replies":[{"embeddable":true,"href":"https:\/\/encare.pl\/index.php?rest_route=%2Fwp%2Fv2%2Fcomments&post=63"}],"version-history":[{"count":7,"href":"https:\/\/encare.pl\/index.php?rest_route=\/wp\/v2\/pages\/63\/revisions"}],"predecessor-version":[{"id":251,"href":"https:\/\/encare.pl\/index.php?rest_route=\/wp\/v2\/pages\/63\/revisions\/251"}],"wp:featuredmedia":[{"embeddable":true,"href":"https:\/\/encare.pl\/index.php?rest_route=\/wp\/v2\/media\/112"}],"wp:attachment":[{"href":"https:\/\/encare.pl\/index.php?rest_route=%2Fwp%2Fv2%2Fmedia&parent=63"}],"curies":[{"name":"wp","href":"https:\/\/api.w.org\/{rel}","templated":true}]}}