{"id":2,"date":"2024-01-11T12:01:45","date_gmt":"2024-01-11T11:01:45","guid":{"rendered":"http:\/\/encare.pl\/?page_id=2"},"modified":"2024-03-18T08:13:11","modified_gmt":"2024-03-18T07:13:11","slug":"strona-glowna","status":"publish","type":"page","link":"https:\/\/encare.pl\/","title":{"rendered":"Strona g\u0142\u00f3wna"},"content":{"rendered":"\n<p><\/p>\n\n\n\n<p><\/p>\n\n\n\n<p class=\"has-text-align-center has-medium-font-size\"><\/p>\n\n\n\n<p class=\"has-text-align-center\" style=\"font-size:26px\"><strong>CONSULTING ENERGETYCZNY<\/strong><\/p>\n\n\n\n<p class=\"has-text-align-center is-style-plain\" style=\"font-size:15px\">Kompleksowo spogl\u0105damy na biznes Naszych Klient\u00f3w, doradzaj\u0105c im najlepsze rozwi\u0105zania indywidualnych strategii kontraktacji energii oraz optymalizacji koszt\u00f3w dystrybucyjnych, jak r\u00f3wnie\u017c zwi\u0119kszenia ich efektywno\u015bci energetycznej. <\/p>\n\n\n\n<p class=\"has-text-align-center is-style-plain\" style=\"font-size:15px\">Reprezentujemy Klienta w \u00a0ca\u0142o\u015bci obs\u0142ugi spraw zwi\u0105zanych z zakupem i dystrybucj\u0105 energii elektrycznej oraz inwestycjach w odnawialne \u017ar\u00f3d\u0142a energii. Gdy Ty skupiasz si\u0119 na swojej podstawowej dzia\u0142alno\u015bci biznesowej, my dbamy o Twoj\u0105 energi\u0119!<\/p>\n\n\n\n<p class=\"has-text-align-center has-medium-font-size\"><\/p>\n\n\n\n<p><\/p>\n\n\n\n<p class=\"has-text-align-center\" style=\"font-size:26px\"><strong>SZKOLENIA I ANALIZY Z RYNKU ENERGII<\/strong><\/p>\n\n\n\n<div class=\"wp-block-group\"><div class=\"wp-block-group__inner-container is-layout-flow wp-block-group-is-layout-flow\">\n<div class=\"wp-block-columns is-layout-flex wp-container-core-columns-is-layout-9d6595d7 wp-block-columns-is-layout-flex\">\n<div class=\"wp-block-column is-vertically-aligned-stretch is-layout-flow wp-block-column-is-layout-flow\" style=\"flex-basis:100%\">\n<p class=\"has-text-align-center\" style=\"font-size:15px\">Szkolimy, wdra\u017camy, wspieramy  Tw\u00f3j Zesp\u00f3\u0142 Sprzeda\u017cowy- z zagadnie\u0144 funkcjonowania rynku energii elektrycznej, roli poszczeg\u00f3lnych uczestnik\u00f3w tego rynku, poznaniem budowy i istotnych element\u00f3w taryf lokalnych Operator\u00f3w System\u00f3w Dystrybucyjnych, funkcjonuj\u0105cych na rynku um\u00f3w pomi\u0119dzy podmiotami a odbiorcami ko\u0144cowymi oraz zakresu legislacji reguluj\u0105cego rynek. <\/p>\n\n\n\n<p class=\"has-text-align-center\" style=\"font-size:15px\">Agregujemy dane rynkowe na potrzeby Twoich decyzji operacyjnych oraz wsparcia Twojego Zespo\u0142u.<\/p>\n<\/div>\n<\/div>\n<\/div><\/div>\n\n\n\n<p class=\"has-text-align-center has-medium-font-size\"><\/p>\n\n\n\n<p class=\"has-text-align-center\" style=\"font-size:26px\"><strong>AUDYTY ENERGETYCZNE I TERMOWIZJA<\/strong><\/p>\n\n\n\n<div class=\"wp-block-group\"><div class=\"wp-block-group__inner-container is-layout-flow wp-block-group-is-layout-flow\">\n<div class=\"wp-block-group\"><div class=\"wp-block-group__inner-container is-layout-constrained wp-block-group-is-layout-constrained\">\n<div class=\"wp-block-columns is-layout-flex wp-container-core-columns-is-layout-9d6595d7 wp-block-columns-is-layout-flex\">\n<div class=\"wp-block-column is-layout-flow wp-block-column-is-layout-flow\" style=\"flex-basis:100%\">\n<div class=\"wp-block-group\"><div class=\"wp-block-group__inner-container is-layout-constrained wp-block-group-is-layout-constrained\">\n<p class=\"has-text-align-center\" style=\"font-size:15px\">Przeprowadzamy kompleksowe audyty przed inwestycjami zwi\u0119kszaj\u0105cymi wska\u017aniki zr\u00f3wnowa\u017conego rozwoju, zmierzaj\u0105cymi do ograniczenia emisji CO2 i zwi\u0119kszenia efektywno\u015bci energetycznej prowadzonego przez Ciebie Biznesu. <\/p>\n\n\n\n<p class=\"has-text-align-center\" style=\"font-size:15px\">Dokonujemy przegl\u0105d\u00f3w instalacji fotowoltaicznych zar\u00f3wno dla biznesu jak i Klienta Indywidualnego, wykorzystuj\u0105c\u00a0m.in. nowoczesne narz\u0119dzia detekcji termowizyjnej ewentualnych defekt\u00f3w. <\/p>\n<\/div><\/div>\n<\/div>\n<\/div>\n<\/div><\/div>\n<\/div><\/div>\n","protected":false},"excerpt":{"rendered":"<p>CONSULTING ENERGETYCZNY Kompleksowo spogl\u0105damy na biznes Naszych Klient\u00f3w, doradzaj\u0105c im najlepsze rozwi\u0105zania indywidualnych strategii kontraktacji energii oraz optymalizacji koszt\u00f3w dystrybucyjnych, jak r\u00f3wnie\u017c zwi\u0119kszenia ich efektywno\u015bci energetycznej. Reprezentujemy Klienta w \u00a0ca\u0142o\u015bci obs\u0142ugi spraw zwi\u0105zanych z zakupem i dystrybucj\u0105 energii elektrycznej oraz inwestycjach w odnawialne \u017ar\u00f3d\u0142a energii. Gdy Ty skupiasz si\u0119 na [&hellip;]<\/p>\n","protected":false},"author":1,"featured_media":0,"parent":0,"menu_order":0,"comment_status":"closed","ping_status":"closed","template":"","meta":{"footnotes":""},"class_list":["post-2","page","type-page","status-publish","hentry"],"_links":{"self":[{"href":"https:\/\/encare.pl\/index.php?rest_route=\/wp\/v2\/pages\/2","targetHints":{"allow":["GET"]}}],"collection":[{"href":"https:\/\/encare.pl\/index.php?rest_route=\/wp\/v2\/pages"}],"about":[{"href":"https:\/\/encare.pl\/index.php?rest_route=\/wp\/v2\/types\/page"}],"author":[{"embeddable":true,"href":"https:\/\/encare.pl\/index.php?rest_route=\/wp\/v2\/users\/1"}],"replies":[{"embeddable":true,"href":"https:\/\/encare.pl\/index.php?rest_route=%2Fwp%2Fv2%2Fcomments&post=2"}],"version-history":[{"count":25,"href":"https:\/\/encare.pl\/index.php?rest_route=\/wp\/v2\/pages\/2\/revisions"}],"predecessor-version":[{"id":231,"href":"https:\/\/encare.pl\/index.php?rest_route=\/wp\/v2\/pages\/2\/revisions\/231"}],"wp:attachment":[{"href":"https:\/\/encare.pl\/index.php?rest_route=%2Fwp%2Fv2%2Fmedia&parent=2"}],"curies":[{"name":"wp","href":"https:\/\/api.w.org\/{rel}","templated":true}]}}